{"id":10079,"date":"2025-06-26T14:17:50","date_gmt":"2025-06-26T14:17:50","guid":{"rendered":"https:\/\/dev-ai.cloudsway.ai\/?page_id=10079"},"modified":"2025-07-11T01:49:42","modified_gmt":"2025-07-11T01:49:42","slug":"networking-service","status":"publish","type":"page","link":"https:\/\/dev-ai.cloudsway.ai\/fr\/networking-service\/","title":{"rendered":"Service de mise en r\u00e9seau"},"content":{"rendered":"<div data-elementor-type=\"wp-page\" data-elementor-id=\"10079\" class=\"elementor elementor-10079\" data-elementor-post-type=\"page\">\n\t\t\t\t<div class=\"elementor-element elementor-element-786a5a8 e-flex e-con-boxed e-con e-parent\" data-id=\"786a5a8\" data-element_type=\"container\" data-settings=\"{&quot;background_background&quot;:&quot;classic&quot;}\">\n\t\t\t\t\t<div class=\"e-con-inner\">\n\t\t\t\t<div class=\"elementor-element elementor-element-dc629a6 elementor-widget elementor-widget-heading\" data-id=\"dc629a6\" data-element_type=\"widget\" data-widget_type=\"heading.default\">\n\t\t\t\t<div class=\"elementor-widget-container\">\n\t\t\t\t\t<h1 class=\"elementor-heading-title elementor-size-default\">Service de mise en r\u00e9seau<\/h1>\t\t\t\t<\/div>\n\t\t\t\t<\/div>\n\t\t\t\t<div class=\"elementor-element elementor-element-7f7ee9b elementor-widget elementor-widget-heading\" data-id=\"7f7ee9b\" data-element_type=\"widget\" data-widget_type=\"heading.default\">\n\t\t\t\t<div class=\"elementor-widget-container\">\n\t\t\t\t\t<p class=\"elementor-heading-title elementor-size-default\">Dites adieu aux goulets d'\u00e9tranglement en mati\u00e8re de communication<\/p>\t\t\t\t<\/div>\n\t\t\t\t<\/div>\n\t\t\t\t<div class=\"elementor-element elementor-element-2fbb271 elementor-widget__width-initial elementor-widget elementor-widget-text-editor\" data-id=\"2fbb271\" data-element_type=\"widget\" data-widget_type=\"text-editor.default\">\n\t\t\t\t<div class=\"elementor-widget-container\">\n\t\t\t\t\t\t\t\t\t<p>D\u00e9veloppement d'un r\u00e9seau de calcul AI d'une dur\u00e9e inf\u00e9rieure \u00e0 la nanoseconde<\/p>\t\t\t\t\t\t\t\t<\/div>\n\t\t\t\t<\/div>\n\t\t\t\t<div class=\"elementor-element elementor-element-754770f elementor-align-justify elementor-widget__width-initial elementor-widget elementor-widget-button\" data-id=\"754770f\" data-element_type=\"widget\" data-widget_type=\"button.default\">\n\t\t\t\t<div class=\"elementor-widget-container\">\n\t\t\t\t\t\t\t\t\t<div class=\"elementor-button-wrapper\">\n\t\t\t\t\t<a class=\"elementor-button elementor-button-link elementor-size-sm\" href=\"https:\/\/dev-ai.cloudsway.ai\/fr\/contact\/\">\n\t\t\t\t\t\t<span class=\"elementor-button-content-wrapper\">\n\t\t\t\t\t\t\t\t\t<span class=\"elementor-button-text\">Nous contacter<\/span>\n\t\t\t\t\t<\/span>\n\t\t\t\t\t<\/a>\n\t\t\t\t<\/div>\n\t\t\t\t\t\t\t\t<\/div>\n\t\t\t\t<\/div>\n\t\t\t\t\t<\/div>\n\t\t\t\t<\/div>\n\t\t<div class=\"elementor-element elementor-element-caa6fba e-flex e-con-boxed e-con e-parent\" data-id=\"caa6fba\" data-element_type=\"container\" data-settings=\"{&quot;background_background&quot;:&quot;classic&quot;}\">\n\t\t\t\t\t<div class=\"e-con-inner\">\n\t\t<div class=\"elementor-element elementor-element-2778006 e-con-full e-flex e-con e-child\" data-id=\"2778006\" data-element_type=\"container\">\n\t\t\t\t<div class=\"elementor-element elementor-element-7ee1152 elementor-widget elementor-widget-heading\" data-id=\"7ee1152\" data-element_type=\"widget\" data-widget_type=\"heading.default\">\n\t\t\t\t<div class=\"elementor-widget-container\">\n\t\t\t\t\t<h2 class=\"elementor-heading-title elementor-size-default\">Avantages technologiques<\/h2>\t\t\t\t<\/div>\n\t\t\t\t<\/div>\n\t\t\t\t<div class=\"elementor-element elementor-element-aeb2616 elementor-widget elementor-widget-text-editor\" data-id=\"aeb2616\" data-element_type=\"widget\" data-widget_type=\"text-editor.default\">\n\t\t\t\t<div class=\"elementor-widget-container\">\n\t\t\t\t\t\t\t\t\t<p><strong>Architecture \u00e0 tr\u00e8s faible latence<\/strong><\/p><p>Temps de latence de bout en bout aussi bas que 0,8 \u00b5s (20 fois plus rapide que le TCP\/IP traditionnel)<\/p><p>Prise en charge des normes InfiniBand \u00e0 200\/400\/800 Gbps<\/p>\t\t\t\t\t\t\t\t<\/div>\n\t\t\t\t<\/div>\n\t\t\t\t<div class=\"elementor-element elementor-element-2c7b82b elementor-widget-divider--view-line elementor-widget elementor-widget-divider\" data-id=\"2c7b82b\" data-element_type=\"widget\" data-widget_type=\"divider.default\">\n\t\t\t\t<div class=\"elementor-widget-container\">\n\t\t\t\t\t\t\t<div class=\"elementor-divider\">\n\t\t\t<span class=\"elementor-divider-separator\">\n\t\t\t\t\t\t<\/span>\n\t\t<\/div>\n\t\t\t\t\t\t<\/div>\n\t\t\t\t<\/div>\n\t\t\t\t<div class=\"elementor-element elementor-element-73fda6d elementor-widget elementor-widget-text-editor\" data-id=\"73fda6d\" data-element_type=\"widget\" data-widget_type=\"text-editor.default\">\n\t\t\t\t<div class=\"elementor-widget-container\">\n\t\t\t\t\t\t\t\t\t<p><strong>Ordonnancement tenant compte de la topologie<\/strong><\/p><p>Optimisation dynamique du routage et \u00e9quilibrage automatique du trafic entre les racks L'optimisation en profondeur de la biblioth\u00e8que NCCL se traduit par une acc\u00e9l\u00e9ration de 40% des op\u00e9rations AllReduce.<\/p>\t\t\t\t\t\t\t\t<\/div>\n\t\t\t\t<\/div>\n\t\t\t\t<div class=\"elementor-element elementor-element-ed19151 elementor-widget elementor-widget-image\" data-id=\"ed19151\" data-element_type=\"widget\" data-widget_type=\"image.default\">\n\t\t\t\t<div class=\"elementor-widget-container\">\n\t\t\t\t\t\t\t\t\t\t\t\t\t\t\t<img fetchpriority=\"high\" decoding=\"async\" width=\"1881\" height=\"1764\" src=\"https:\/\/dev-ai.cloudsway.ai\/wp-content\/uploads\/2025\/06\/technological-advantages-diagram.png\" class=\"attachment-full size-full wp-image-10081\" alt=\"\" srcset=\"https:\/\/dev-ai.cloudsway.ai\/wp-content\/uploads\/2025\/06\/technological-advantages-diagram.png 1881w, https:\/\/dev-ai.cloudsway.ai\/wp-content\/uploads\/2025\/06\/technological-advantages-diagram-300x281.png 300w, https:\/\/dev-ai.cloudsway.ai\/wp-content\/uploads\/2025\/06\/technological-advantages-diagram-1024x960.png 1024w, https:\/\/dev-ai.cloudsway.ai\/wp-content\/uploads\/2025\/06\/technological-advantages-diagram-768x720.png 768w, https:\/\/dev-ai.cloudsway.ai\/wp-content\/uploads\/2025\/06\/technological-advantages-diagram-1536x1440.png 1536w, https:\/\/dev-ai.cloudsway.ai\/wp-content\/uploads\/2025\/06\/technological-advantages-diagram-13x12.png 13w\" sizes=\"(max-width: 1881px) 100vw, 1881px\" \/>\t\t\t\t\t\t\t\t\t\t\t\t\t\t\t<\/div>\n\t\t\t\t<\/div>\n\t\t\t\t<\/div>\n\t\t\t\t\t<\/div>\n\t\t\t\t<\/div>\n\t\t<div class=\"elementor-element elementor-element-fa19411 bg-gradient-angular-1 e-flex e-con-boxed e-con e-parent\" data-id=\"fa19411\" data-element_type=\"container\">\n\t\t\t\t\t<div class=\"e-con-inner\">\n\t\t<div class=\"elementor-element elementor-element-5d8b6d4 e-con-full e-flex e-con e-child\" data-id=\"5d8b6d4\" data-element_type=\"container\">\n\t\t\t\t<div class=\"elementor-element elementor-element-5d412bf elementor-widget elementor-widget-heading\" data-id=\"5d412bf\" data-element_type=\"widget\" data-widget_type=\"heading.default\">\n\t\t\t\t<div class=\"elementor-widget-container\">\n\t\t\t\t\t<h2 class=\"elementor-heading-title elementor-size-default\">Prestations de service<\/h2>\t\t\t\t<\/div>\n\t\t\t\t<\/div>\n\t\t\t\t<div class=\"elementor-element elementor-element-87059d7 elementor-widget elementor-widget-text-editor\" data-id=\"87059d7\" data-element_type=\"widget\" data-widget_type=\"text-editor.default\">\n\t\t\t\t<div class=\"elementor-widget-container\">\n\t\t\t\t\t\t\t\t\t<p><strong>Topologie \u00e0 un seul rack<\/strong><\/p><p>32 H100 GPU enti\u00e8rement interconnect\u00e9s via NVSwitch\u00a0<br \/>Bande passante de bissection de 900GB\/s<br \/><br \/><\/p><p><strong>Prise en charge de la mise \u00e0 l'\u00e9chelle de plusieurs clusters<\/strong><\/p><p>Routage distribu\u00e9 bas\u00e9 sur SHARP<br \/>permettant une extension \u00e0 1 000-10 000 n\u0153uds<\/p>\t\t\t\t\t\t\t\t<\/div>\n\t\t\t\t<\/div>\n\t\t\t\t<\/div>\n\t\t\t\t\t<\/div>\n\t\t\t\t<\/div>\n\t\t<div class=\"elementor-element elementor-element-01b6d7c e-flex e-con-boxed e-con e-parent\" data-id=\"01b6d7c\" data-element_type=\"container\" data-settings=\"{&quot;background_background&quot;:&quot;classic&quot;}\">\n\t\t\t\t\t<div class=\"e-con-inner\">\n\t\t<div class=\"elementor-element elementor-element-a5f27cb e-con-full e-flex e-con e-child\" data-id=\"a5f27cb\" data-element_type=\"container\">\n\t\t<div class=\"elementor-element elementor-element-44054d1 e-con-full e-flex e-con e-child\" data-id=\"44054d1\" data-element_type=\"container\">\n\t\t\t\t<div class=\"elementor-element elementor-element-a8d6541 elementor-widget elementor-widget-heading\" data-id=\"a8d6541\" data-element_type=\"widget\" data-widget_type=\"heading.default\">\n\t\t\t\t<div class=\"elementor-widget-container\">\n\t\t\t\t\t<h2 class=\"elementor-heading-title elementor-size-default\">Caract\u00e9ristiques de la solution pour la formation acc\u00e9l\u00e9r\u00e9e de grands mod\u00e8les\u00a0<\/h2>\t\t\t\t<\/div>\n\t\t\t\t<\/div>\n\t\t\t\t<div class=\"elementor-element elementor-element-ee7d9ad elementor-widget elementor-widget-heading\" data-id=\"ee7d9ad\" data-element_type=\"widget\" data-widget_type=\"heading.default\">\n\t\t\t\t<div class=\"elementor-widget-container\">\n\t\t\t\t\t<h6 class=\"elementor-heading-title elementor-size-default\">GPUDirect RDMA et optimisation de la topologie NCCL<\/h6>\t\t\t\t<\/div>\n\t\t\t\t<\/div>\n\t\t\t\t<div class=\"elementor-element elementor-element-0742a51 elementor-widget elementor-widget-text-editor\" data-id=\"0742a51\" data-element_type=\"widget\" data-widget_type=\"text-editor.default\">\n\t\t\t\t<div class=\"elementor-widget-container\">\n\t\t\t\t\t\t\t\t\t<p><strong>R\u00e9sultats :<\/strong> T\u00e2che d'apprentissage du mod\u00e8le de param\u00e8tres 175B<br \/>le surd\u00e9bit de communication a \u00e9t\u00e9 r\u00e9duit de 35% \u00e0 8%, le trafic inter-racks a \u00e9t\u00e9 r\u00e9duit de 60%<\/p>\t\t\t\t\t\t\t\t<\/div>\n\t\t\t\t<\/div>\n\t\t\t\t<\/div>\n\t\t<div class=\"elementor-element elementor-element-b4d3a86 e-con-full e-flex e-con e-child\" data-id=\"b4d3a86\" data-element_type=\"container\">\n\t\t\t\t<div class=\"elementor-element elementor-element-a7a3b67 elementor-widget elementor-widget-image\" data-id=\"a7a3b67\" data-element_type=\"widget\" data-widget_type=\"image.default\">\n\t\t\t\t<div class=\"elementor-widget-container\">\n\t\t\t\t\t\t\t\t\t\t\t\t\t\t\t<img decoding=\"async\" width=\"1635\" height=\"900\" src=\"https:\/\/dev-ai.cloudsway.ai\/wp-content\/uploads\/2025\/06\/Distributed-all-flash-array.webp\" class=\"attachment-full size-full wp-image-10073\" alt=\"\" srcset=\"https:\/\/dev-ai.cloudsway.ai\/wp-content\/uploads\/2025\/06\/Distributed-all-flash-array.webp 1635w, https:\/\/dev-ai.cloudsway.ai\/wp-content\/uploads\/2025\/06\/Distributed-all-flash-array-300x165.webp 300w, https:\/\/dev-ai.cloudsway.ai\/wp-content\/uploads\/2025\/06\/Distributed-all-flash-array-1024x564.webp 1024w, https:\/\/dev-ai.cloudsway.ai\/wp-content\/uploads\/2025\/06\/Distributed-all-flash-array-768x423.webp 768w, https:\/\/dev-ai.cloudsway.ai\/wp-content\/uploads\/2025\/06\/Distributed-all-flash-array-1536x846.webp 1536w, https:\/\/dev-ai.cloudsway.ai\/wp-content\/uploads\/2025\/06\/Distributed-all-flash-array-18x10.webp 18w\" sizes=\"(max-width: 1635px) 100vw, 1635px\" \/>\t\t\t\t\t\t\t\t\t\t\t\t\t\t\t<\/div>\n\t\t\t\t<\/div>\n\t\t\t\t<\/div>\n\t\t\t\t<\/div>\n\t\t\t\t\t<\/div>\n\t\t\t\t<\/div>\n\t\t<div class=\"elementor-element elementor-element-c018ff5 e-flex e-con-boxed e-con e-parent\" data-id=\"c018ff5\" data-element_type=\"container\" data-settings=\"{&quot;background_background&quot;:&quot;classic&quot;}\">\n\t\t\t\t\t<div class=\"e-con-inner\">\n\t\t<div class=\"elementor-element elementor-element-79b526a e-con-full e-flex e-con e-child\" data-id=\"79b526a\" data-element_type=\"container\">\n\t\t\t\t<div class=\"elementor-element elementor-element-cc42bae elementor-widget elementor-widget-heading\" data-id=\"cc42bae\" data-element_type=\"widget\" data-widget_type=\"heading.default\">\n\t\t\t\t<div class=\"elementor-widget-container\">\n\t\t\t\t\t<h2 class=\"elementor-heading-title elementor-size-default\">Convergence \u00e9quilibr\u00e9e entre le stockage et l'informatique : Les trois piliers\npiliers de la performance optimale<\/h2>\t\t\t\t<\/div>\n\t\t\t\t<\/div>\n\t\t<div class=\"elementor-element elementor-element-0aa88f7 e-con-full e-flex e-con e-child\" data-id=\"0aa88f7\" data-element_type=\"container\" data-settings=\"{&quot;background_background&quot;:&quot;classic&quot;}\">\n\t\t<div class=\"elementor-element elementor-element-0de7899 e-con-full e-flex e-con e-child\" data-id=\"0de7899\" data-element_type=\"container\" data-settings=\"{&quot;background_background&quot;:&quot;classic&quot;}\">\n\t\t<div class=\"elementor-element elementor-element-f767b1e e-con-full e-flex e-con e-child\" data-id=\"f767b1e\" data-element_type=\"container\" data-settings=\"{&quot;background_background&quot;:&quot;classic&quot;}\">\n\t\t<div class=\"elementor-element elementor-element-fb10da0 e-con-full text-wrap-none e-flex e-con e-child\" data-id=\"fb10da0\" data-element_type=\"container\" data-settings=\"{&quot;background_background&quot;:&quot;classic&quot;}\">\n\t\t\t\t<div class=\"elementor-element elementor-element-4d59a48 elementor-widget elementor-widget-heading\" data-id=\"4d59a48\" data-element_type=\"widget\" data-widget_type=\"heading.default\">\n\t\t\t\t<div class=\"elementor-widget-container\">\n\t\t\t\t\t<p class=\"elementor-heading-title elementor-size-default\">Dimensions<\/p>\t\t\t\t<\/div>\n\t\t\t\t<\/div>\n\t\t\t\t<\/div>\n\t\t<div class=\"elementor-element elementor-element-c454eae e-con-full e-flex e-con e-child\" data-id=\"c454eae\" data-element_type=\"container\">\n\t\t\t\t<div class=\"elementor-element elementor-element-6a1025c elementor-icon-list--layout-traditional elementor-list-item-link-full_width elementor-widget elementor-widget-icon-list\" data-id=\"6a1025c\" data-element_type=\"widget\" data-widget_type=\"icon-list.default\">\n\t\t\t\t<div class=\"elementor-widget-container\">\n\t\t\t\t\t\t\t<ul class=\"elementor-icon-list-items\">\n\t\t\t\t\t\t\t<li class=\"elementor-icon-list-item\">\n\t\t\t\t\t\t\t\t\t\t<span class=\"elementor-icon-list-text\">Largeur de bande<\/span>\n\t\t\t\t\t\t\t\t\t<\/li>\n\t\t\t\t\t\t\t\t<li class=\"elementor-icon-list-item\">\n\t\t\t\t\t\t\t\t\t\t<span class=\"elementor-icon-list-text\">Temps de latence<\/span>\n\t\t\t\t\t\t\t\t\t<\/li>\n\t\t\t\t\t\t\t\t<li class=\"elementor-icon-list-item\">\n\t\t\t\t\t\t\t\t\t\t<span class=\"elementor-icon-list-text\">Unit\u00e9 d'\u00e9volutivit\u00e9<\/span>\n\t\t\t\t\t\t\t\t\t<\/li>\n\t\t\t\t\t\t<\/ul>\n\t\t\t\t\t\t<\/div>\n\t\t\t\t<\/div>\n\t\t\t\t<\/div>\n\t\t\t\t<\/div>\n\t\t<div class=\"elementor-element elementor-element-84dcba5 e-con-full e-flex e-con e-child\" data-id=\"84dcba5\" data-element_type=\"container\" data-settings=\"{&quot;background_background&quot;:&quot;classic&quot;}\">\n\t\t<div class=\"elementor-element elementor-element-048a47d e-con-full e-flex e-con e-child\" data-id=\"048a47d\" data-element_type=\"container\" data-settings=\"{&quot;background_background&quot;:&quot;classic&quot;}\">\n\t\t\t\t<div class=\"elementor-element elementor-element-f74bd2e elementor-widget elementor-widget-heading\" data-id=\"f74bd2e\" data-element_type=\"widget\" data-widget_type=\"heading.default\">\n\t\t\t\t<div class=\"elementor-widget-container\">\n\t\t\t\t\t<p class=\"elementor-heading-title elementor-size-default\">Couche r\u00e9seau<\/p>\t\t\t\t<\/div>\n\t\t\t\t<\/div>\n\t\t\t\t<\/div>\n\t\t<div class=\"elementor-element elementor-element-7e14ef1 e-con-full e-flex e-con e-child\" data-id=\"7e14ef1\" data-element_type=\"container\">\n\t\t\t\t<div class=\"elementor-element elementor-element-33f8197 elementor-icon-list--layout-traditional elementor-list-item-link-full_width elementor-widget elementor-widget-icon-list\" data-id=\"33f8197\" data-element_type=\"widget\" data-widget_type=\"icon-list.default\">\n\t\t\t\t<div class=\"elementor-widget-container\">\n\t\t\t\t\t\t\t<ul class=\"elementor-icon-list-items\">\n\t\t\t\t\t\t\t<li class=\"elementor-icon-list-item\">\n\t\t\t\t\t\t\t\t\t\t<span class=\"elementor-icon-list-text\">400Gbps<\/span>\n\t\t\t\t\t\t\t\t\t<\/li>\n\t\t\t\t\t\t\t\t<li class=\"elementor-icon-list-item\">\n\t\t\t\t\t\t\t\t\t\t<span class=\"elementor-icon-list-text\">0,6\u03bcs<\/span>\n\t\t\t\t\t\t\t\t\t<\/li>\n\t\t\t\t\t\t\t\t<li class=\"elementor-icon-list-item\">\n\t\t\t\t\t\t\t\t\t\t<span class=\"elementor-icon-list-text\">36-Port Lossless Fabric<\/span>\n\t\t\t\t\t\t\t\t\t<\/li>\n\t\t\t\t\t\t<\/ul>\n\t\t\t\t\t\t<\/div>\n\t\t\t\t<\/div>\n\t\t\t\t<\/div>\n\t\t\t\t<\/div>\n\t\t<div class=\"elementor-element elementor-element-fa4833b e-con-full e-flex e-con e-child\" data-id=\"fa4833b\" data-element_type=\"container\" data-settings=\"{&quot;background_background&quot;:&quot;classic&quot;}\">\n\t\t<div class=\"elementor-element elementor-element-362102f e-con-full e-flex e-con e-child\" data-id=\"362102f\" data-element_type=\"container\" data-settings=\"{&quot;background_background&quot;:&quot;classic&quot;}\">\n\t\t\t\t<div class=\"elementor-element elementor-element-16c057b elementor-widget elementor-widget-heading\" data-id=\"16c057b\" data-element_type=\"widget\" data-widget_type=\"heading.default\">\n\t\t\t\t<div class=\"elementor-widget-container\">\n\t\t\t\t\t<p class=\"elementor-heading-title elementor-size-default\">Couche de calcul<\/p>\t\t\t\t<\/div>\n\t\t\t\t<\/div>\n\t\t\t\t<\/div>\n\t\t<div class=\"elementor-element elementor-element-61f5b68 e-con-full e-flex e-con e-child\" data-id=\"61f5b68\" data-element_type=\"container\">\n\t\t\t\t<div class=\"elementor-element elementor-element-4101326 elementor-icon-list--layout-traditional elementor-list-item-link-full_width elementor-widget elementor-widget-icon-list\" data-id=\"4101326\" data-element_type=\"widget\" data-widget_type=\"icon-list.default\">\n\t\t\t\t<div class=\"elementor-widget-container\">\n\t\t\t\t\t\t\t<ul class=\"elementor-icon-list-items\">\n\t\t\t\t\t\t\t<li class=\"elementor-icon-list-item\">\n\t\t\t\t\t\t\t\t\t\t<span class=\"elementor-icon-list-text\">1,8 To\/s NVLink<\/span>\n\t\t\t\t\t\t\t\t\t<\/li>\n\t\t\t\t\t\t\t\t<li class=\"elementor-icon-list-item\">\n\t\t\t\t\t\t\t\t\t\t<span class=\"elementor-icon-list-text\">0,3\u03bcs GPU Interconnect<\/span>\n\t\t\t\t\t\t\t\t\t<\/li>\n\t\t\t\t\t\t\t\t<li class=\"elementor-icon-list-item\">\n\t\t\t\t\t\t\t\t\t\t<span class=\"elementor-icon-list-text\">8-GPU Node\u00a0<\/span>\n\t\t\t\t\t\t\t\t\t<\/li>\n\t\t\t\t\t\t<\/ul>\n\t\t\t\t\t\t<\/div>\n\t\t\t\t<\/div>\n\t\t\t\t<\/div>\n\t\t\t\t<\/div>\n\t\t<div class=\"elementor-element elementor-element-f8bf556 e-con-full e-flex e-con e-child\" data-id=\"f8bf556\" data-element_type=\"container\" data-settings=\"{&quot;background_background&quot;:&quot;classic&quot;}\">\n\t\t<div class=\"elementor-element elementor-element-f186c67 e-con-full e-flex e-con e-child\" data-id=\"f186c67\" data-element_type=\"container\" data-settings=\"{&quot;background_background&quot;:&quot;classic&quot;}\">\n\t\t\t\t<div class=\"elementor-element elementor-element-44f3ca9 elementor-widget elementor-widget-heading\" data-id=\"44f3ca9\" data-element_type=\"widget\" data-widget_type=\"heading.default\">\n\t\t\t\t<div class=\"elementor-widget-container\">\n\t\t\t\t\t<p class=\"elementor-heading-title elementor-size-default\">Couche de stockage<\/p>\t\t\t\t<\/div>\n\t\t\t\t<\/div>\n\t\t\t\t<\/div>\n\t\t<div class=\"elementor-element elementor-element-e7ff4ca e-con-full e-flex e-con e-child\" data-id=\"e7ff4ca\" data-element_type=\"container\">\n\t\t\t\t<div class=\"elementor-element elementor-element-6903199 elementor-icon-list--layout-traditional elementor-list-item-link-full_width elementor-widget elementor-widget-icon-list\" data-id=\"6903199\" data-element_type=\"widget\" data-widget_type=\"icon-list.default\">\n\t\t\t\t<div class=\"elementor-widget-container\">\n\t\t\t\t\t\t\t<ul class=\"elementor-icon-list-items\">\n\t\t\t\t\t\t\t<li class=\"elementor-icon-list-item\">\n\t\t\t\t\t\t\t\t\t\t<span class=\"elementor-icon-list-text\">320GB\/s All-Flash<\/span>\n\t\t\t\t\t\t\t\t\t<\/li>\n\t\t\t\t\t\t\t\t<li class=\"elementor-icon-list-item\">\n\t\t\t\t\t\t\t\t\t\t<span class=\"elementor-icon-list-text\">200\u03bcs Lecture al\u00e9atoire<\/span>\n\t\t\t\t\t\t\t\t\t<\/li>\n\t\t\t\t\t\t\t\t<li class=\"elementor-icon-list-item\">\n\t\t\t\t\t\t\t\t\t\t<span class=\"elementor-icon-list-text\">Espace de noms unifi\u00e9 100PB<\/span>\n\t\t\t\t\t\t\t\t\t<\/li>\n\t\t\t\t\t\t<\/ul>\n\t\t\t\t\t\t<\/div>\n\t\t\t\t<\/div>\n\t\t\t\t<\/div>\n\t\t\t\t<\/div>\n\t\t\t\t<\/div>\n\t\t\t\t<\/div>\n\t\t\t\t<\/div>\n\t\t\t\t\t<\/div>\n\t\t\t\t<\/div>\n\t\t\t\t<\/div>","protected":false},"excerpt":{"rendered":"<p>Networking Service Say goodbye to communication bottlenecks Developing a sub-nanosecond AI compute network Contact Us Technological Advantages Ultra-Low Latency Architecture End-to-end latency as low as 0.8 \u00b5s (20x faster than traditional TCP\/IP) Supports 200\/400\/800 Gbps InfiniBand standards Topology-aware Scheduling Dynamic routing optimization and automatic inter-rack traffic balancing Deep optimization of the NCCL library results in [&hellip;]<\/p>","protected":false},"author":2,"featured_media":0,"parent":0,"menu_order":0,"comment_status":"closed","ping_status":"closed","template":"","meta":{"_acf_changed":false,"inline_featured_image":false,"footnotes":""},"class_list":["post-10079","page","type-page","status-publish","hentry"],"acf":[],"_links":{"self":[{"href":"https:\/\/dev-ai.cloudsway.ai\/fr\/wp-json\/wp\/v2\/pages\/10079","targetHints":{"allow":["GET"]}}],"collection":[{"href":"https:\/\/dev-ai.cloudsway.ai\/fr\/wp-json\/wp\/v2\/pages"}],"about":[{"href":"https:\/\/dev-ai.cloudsway.ai\/fr\/wp-json\/wp\/v2\/types\/page"}],"author":[{"embeddable":true,"href":"https:\/\/dev-ai.cloudsway.ai\/fr\/wp-json\/wp\/v2\/users\/2"}],"replies":[{"embeddable":true,"href":"https:\/\/dev-ai.cloudsway.ai\/fr\/wp-json\/wp\/v2\/comments?post=10079"}],"version-history":[{"count":0,"href":"https:\/\/dev-ai.cloudsway.ai\/fr\/wp-json\/wp\/v2\/pages\/10079\/revisions"}],"wp:attachment":[{"href":"https:\/\/dev-ai.cloudsway.ai\/fr\/wp-json\/wp\/v2\/media?parent=10079"}],"curies":[{"name":"wp","href":"https:\/\/api.w.org\/{rel}","templated":true}]}}